{"id":20,"date":"2018-06-25T09:05:47","date_gmt":"2018-06-25T09:05:47","guid":{"rendered":"http:\/\/www.lelpark.sk\/?page_id=20"},"modified":"2022-08-15T09:03:44","modified_gmt":"2022-08-15T09:03:44","slug":"elado-telkek","status":"publish","type":"page","link":"https:\/\/www.lelpark.sk\/hu\/elado-telkek\/","title":{"rendered":"ELAD\u00d3 TELKEK"},"content":{"rendered":"<p style=\"text-align: center;\">A kiv\u00e1laszt\u00e1shoz kattints a telekre<\/p>\n<div class=\"prompt\">A jobb \u00e9lm\u00e9ny\u00e9rt ford\u00edtsa el k\u00e9sz\u00fcl\u00e9k\u00e9t fekv\u0151 helyzetbe<\/div>\n<div class=\"container\"><div id=\"image-map-pro-4981\"><\/div><\/div>\n<div class=\"container\" style=\"display: none;\">\n<table id=\"tablepress-3\" class=\"tablepress tablepress-id-3\">\n<thead>\n<tr class=\"row-1\">\n\t<th class=\"column-1\">telek sz\u00e1ma<\/th><th class=\"column-2\">ter\u00fclete<\/th><th class=\"column-3\">m\u00e9retei<\/th><th class=\"column-4\">\u00e1r\/m<sup>2<\/sup><\/th><th class=\"column-5\">\u00e1llapot<\/th>\n<\/tr>\n<\/thead>\n<tbody class=\"row-striping row-hover\">\n<tr class=\"row-2\">\n\t<td class=\"column-1\">1<\/td><td class=\"column-2\">1781 m<sup>2<\/sup><\/td><td class=\"column-3\">49,12 x 52,80<\/td><td class=\"column-4\">19,90\u20ac<\/td><td class=\"column-5\">FOGLALT<\/td>\n<\/tr>\n<tr class=\"row-3\">\n\t<td class=\"column-1\">2<\/td><td class=\"column-2\">1365 m<sup>2<\/sup><\/td><td class=\"column-3\">25,86 x 52,02<\/td><td class=\"column-4\">19,90\u20ac<\/td><td class=\"column-5\"><span id=\"map-2\"  class=\"reserve ok\">\u2713 LEFOGLALOM<\/span><\/td>\n<\/tr>\n<tr class=\"row-4\">\n\t<td class=\"column-1\">3<\/td><td class=\"column-2\">1624 m<sup>2<\/sup><\/td><td class=\"column-3\">39,89 x 52,02<\/td><td class=\"column-4\">19,90\u20ac<\/td><td class=\"column-5\"><span id=\"map-3\"  class=\"reserve ok\">\u2713 LEFOGLALOM<\/span><\/td>\n<\/tr>\n<tr class=\"row-5\">\n\t<td class=\"column-1\">4<\/td><td class=\"column-2\">1718 m<sup>2<\/sup><\/td><td class=\"column-3\">25,32 x 47,55 <\/td><td class=\"column-4\">19,90\u20ac<\/td><td class=\"column-5\"><span id=\"map-4\"  class=\"reserve ok\">\u2713 LEFOGLALOM<\/span><\/td>\n<\/tr>\n<tr class=\"row-6\">\n\t<td class=\"column-1\">5<\/td><td class=\"column-2\">1577 m<sup>2<\/sup><\/td><td class=\"column-3\">34,99 x 37,55  <\/td><td class=\"column-4\">19,90\u20ac<\/td><td class=\"column-5\"><span id=\"map-5\" class=\"reserve ok\">\u2713 LEFOGLALOM<\/span><\/td>\n<\/tr>\n<tr class=\"row-7\">\n\t<td class=\"column-1\">6<\/td><td class=\"column-2\">1272 m<sup>2<\/sup><\/td><td class=\"column-3\">27,00 x 53,71<\/td><td class=\"column-4\">19,90\u20ac<\/td><td class=\"column-5\"><span id=\"map-6\"  class=\"reserve ok\">\u2713 LEFOGLALOM<\/span><\/td>\n<\/tr>\n<tr class=\"row-8\">\n\t<td class=\"column-1\">7<\/td><td class=\"column-2\">1283m<sup>2<\/sup><\/td><td class=\"column-3\">   25,14 x 48,51 <\/td><td class=\"column-4\">19,90\u20ac<\/td><td class=\"column-5\"><span id=\"map-7\"  class=\"reserve ok\">\u2713 REZERVOVA\u0164<\/span><\/td>\n<\/tr>\n<tr class=\"row-9\">\n\t<td class=\"column-1\">8<\/td><td class=\"column-2\">1603m<sup>2<\/sup><\/td><td class=\"column-3\">44,86 x 36,79 <\/td><td class=\"column-4\">19,90\u20ac<\/td><td class=\"column-5\">FOGLALT<\/td>\n<\/tr>\n<tr class=\"row-10\">\n\t<td class=\"column-1\">9<\/td><td class=\"column-2\">1982 m<sup>2<\/sup><\/td><td class=\"column-3\"> 70,76 x 28,01 <\/td><td class=\"column-4\">19,90\u20ac<\/td><td class=\"column-5\"><span id=\"map-9\"  class=\"reserve ok\">\u2713 LEFOGLALOM<\/span><\/td>\n<\/tr>\n<tr class=\"row-11\">\n\t<td class=\"column-1\">10<\/td><td class=\"column-2\">2007 m<sup>2<\/sup><\/td><td class=\"column-3\">28,01 x 71,28<\/td><td class=\"column-4\">19,90\u20ac<\/td><td class=\"column-5\"><span id=\"map-10\"  class=\"reserve ok\">\u2713 LEFOGLALOM<\/span><\/td>\n<\/tr>\n<tr class=\"row-12\">\n\t<td class=\"column-1\">11<\/td><td class=\"column-2\">2030 m<sup>2<\/sup><\/td><td class=\"column-3\">28,00 x 72,93<\/td><td class=\"column-4\">19,90\u20ac<\/td><td class=\"column-5\"><span id=\"map-11\" class=\"reserve ok\">\u2713 LEFOGLALOM<\/span><\/td>\n<\/tr>\n<tr class=\"row-13\">\n\t<td class=\"column-1\">12<\/td><td class=\"column-2\">2053 m<sup>2<\/sup><\/td><td class=\"column-3\">28,01 x 72,93<\/td><td class=\"column-4\">19,90\u20ac<\/td><td class=\"column-5\"><span id=\"map-12\"  class=\"reserve ok\">\u2713 LEFOGLALOM<\/span><\/td>\n<\/tr>\n<tr class=\"row-14\">\n\t<td class=\"column-1\">13<\/td><td class=\"column-2\">2822 m<sup>2<\/sup><\/td><td class=\"column-3\">29,99 x 83,76  <\/td><td class=\"column-4\">19,90\u20ac<\/td><td class=\"column-5\"><span id=\"map-13\"  class=\"reserve ok\">\u2713 LEFOGLALOM<\/span><\/td>\n<\/tr>\n<\/tbody>\n<\/table>\n<!-- #tablepress-3 from cache --><\/div>\n<div class=\"container\" style=\"margin-top: 5vh;\">\n<div class=\"row justify-content-center\">\n<div id=\"contact\" class=\"col-md-6\">\n<h2 class=\"text-center\">Foglaljon telket<\/h2>\n\n<div class=\"wpcf7 no-js\" id=\"wpcf7-f9-o1\" lang=\"hu-HU\" dir=\"ltr\" data-wpcf7-id=\"9\">\n<div class=\"screen-reader-response\"><p role=\"status\" aria-live=\"polite\" aria-atomic=\"true\"><\/p> <ul><\/ul><\/div>\n<form action=\"\/hu\/wp-json\/wp\/v2\/pages\/20#wpcf7-f9-o1\" method=\"post\" class=\"wpcf7-form init\" aria-label=\"Kapcsolatfelv\u00e9teli \u0171rlap\" novalidate=\"novalidate\" data-status=\"init\">\n<div style=\"display: none;\">\n<input type=\"hidden\" name=\"_wpcf7\" value=\"9\" \/>\n<input type=\"hidden\" name=\"_wpcf7_version\" value=\"6.0.4\" \/>\n<input type=\"hidden\" name=\"_wpcf7_locale\" value=\"hu_HU\" \/>\n<input type=\"hidden\" name=\"_wpcf7_unit_tag\" value=\"wpcf7-f9-o1\" \/>\n<input type=\"hidden\" name=\"_wpcf7_container_post\" value=\"0\" \/>\n<input type=\"hidden\" name=\"_wpcf7_posted_data_hash\" value=\"\" \/>\n<input type=\"hidden\" name=\"_wpcf7_recaptcha_response\" value=\"\" \/>\n<\/div>\n<p><label> n\u00e9v:<br \/>\n<span class=\"wpcf7-form-control-wrap\" data-name=\"your-name\"><input size=\"40\" maxlength=\"400\" class=\"wpcf7-form-control wpcf7-text wpcf7-validates-as-required\" aria-required=\"true\" aria-invalid=\"false\" value=\"\" type=\"text\" name=\"your-name\" \/><\/span> <\/label>\n<\/p>\n<p><label> telefon:<br \/>\n<span class=\"wpcf7-form-control-wrap\" data-name=\"your-subject\"><input size=\"40\" maxlength=\"400\" class=\"wpcf7-form-control wpcf7-text\" aria-invalid=\"false\" value=\"\" type=\"text\" name=\"your-subject\" \/><\/span> <\/label>\n<\/p>\n<p><label> e-mail:<br \/>\n<span class=\"wpcf7-form-control-wrap\" data-name=\"your-email\"><input size=\"40\" maxlength=\"400\" class=\"wpcf7-form-control wpcf7-email wpcf7-validates-as-required wpcf7-text wpcf7-validates-as-email\" aria-required=\"true\" aria-invalid=\"false\" value=\"\" type=\"email\" name=\"your-email\" \/><\/span> <\/label>\n<\/p>\n<p><label> \u00fczenet:<br \/>\n<span class=\"wpcf7-form-control-wrap\" data-name=\"your-message\"><textarea cols=\"40\" rows=\"10\" maxlength=\"2000\" class=\"wpcf7-form-control wpcf7-textarea\" aria-invalid=\"false\" name=\"your-message\"><\/textarea><\/span> <\/label><br \/>\n<span class=\"wpcf7-form-control-wrap\" data-name=\"hidden\"><textarea cols=\"40\" rows=\"10\" maxlength=\"2000\" class=\"wpcf7-form-control wpcf7-textarea\" aria-invalid=\"false\" name=\"hidden\">J\u00f3 napot!\\n\u00c9rdekelne a(z) {0} sz\u00e1m\u00fa telek.\\nK\u00f6sz\u00f6n\u00f6m!<\/textarea><\/span><br \/>\n<br \/>\n<label style=\"font-size: 16px;\"> <span class=\"wpcf7-form-control-wrap\" data-name=\"acceptance-878\"><span class=\"wpcf7-form-control wpcf7-acceptance\"><span class=\"wpcf7-list-item\"><input type=\"checkbox\" name=\"acceptance-878\" value=\"1\" aria-invalid=\"false\" \/><\/span><\/span><\/span> Megismertem \u00e9s elfogadom az Adatv\u00e9delmi nyilatkozatot<\/label><br \/>\n<input class=\"wpcf7-form-control wpcf7-submit has-spinner\" type=\"submit\" value=\"K\u00fcld\u00e9s\" \/>\n<\/p><div class=\"wpcf7-response-output\" aria-hidden=\"true\"><\/div>\n<\/form>\n<\/div>\n\n<\/div>\n<\/div>\n<\/div>\n","protected":false},"excerpt":{"rendered":"<p>A kiv\u00e1laszt\u00e1shoz kattints a telekre A jobb \u00e9lm\u00e9ny\u00e9rt ford\u00edtsa el k\u00e9sz\u00fcl\u00e9k\u00e9t fekv\u0151 helyzetbe Foglaljon telket<\/p>\n","protected":false},"author":1,"featured_media":0,"parent":0,"menu_order":0,"comment_status":"closed","ping_status":"closed","template":"","meta":{"footnotes":""},"tags":[],"class_list":["post-20","page","type-page","status-publish","hentry"],"_links":{"self":[{"href":"https:\/\/www.lelpark.sk\/hu\/wp-json\/wp\/v2\/pages\/20","targetHints":{"allow":["GET"]}}],"collection":[{"href":"https:\/\/www.lelpark.sk\/hu\/wp-json\/wp\/v2\/pages"}],"about":[{"href":"https:\/\/www.lelpark.sk\/hu\/wp-json\/wp\/v2\/types\/page"}],"author":[{"embeddable":true,"href":"https:\/\/www.lelpark.sk\/hu\/wp-json\/wp\/v2\/users\/1"}],"replies":[{"embeddable":true,"href":"https:\/\/www.lelpark.sk\/hu\/wp-json\/wp\/v2\/comments?post=20"}],"version-history":[{"count":3,"href":"https:\/\/www.lelpark.sk\/hu\/wp-json\/wp\/v2\/pages\/20\/revisions"}],"predecessor-version":[{"id":269,"href":"https:\/\/www.lelpark.sk\/hu\/wp-json\/wp\/v2\/pages\/20\/revisions\/269"}],"wp:attachment":[{"href":"https:\/\/www.lelpark.sk\/hu\/wp-json\/wp\/v2\/media?parent=20"}],"wp:term":[{"taxonomy":"post_tag","embeddable":true,"href":"https:\/\/www.lelpark.sk\/hu\/wp-json\/wp\/v2\/tags?post=20"}],"curies":[{"name":"wp","href":"https:\/\/api.w.org\/{rel}","templated":true}]}}