{"id":86,"date":"2018-07-02T07:56:50","date_gmt":"2018-07-02T07:56:50","guid":{"rendered":"http:\/\/www.lelpark.sk\/?page_id=86"},"modified":"2022-03-16T14:10:41","modified_gmt":"2022-03-16T14:10:41","slug":"a-projektrol","status":"publish","type":"page","link":"https:\/\/www.lelpark.sk\/hu\/a-projektrol\/","title":{"rendered":"A projektr\u0151l"},"content":{"rendered":"<p><div class=\"row\"><br \/>\n<div class=\"col-md-6 text-justify\"><br \/>\nLegf\u0151bb c\u00e9lunk, hogy olyan \u00e9lhet\u0151 k\u00f6rnyezetet biztos\u00edtsunk a L\u00e9l Park lakosainak, ahol a term\u00e9szetk\u00f6zelis\u00e9g \u00e9s a modern \u00e9letk\u00f6r\u00fclm\u00e9nyek egyszerre hat\u00e1rozz\u00e1k meg a mindennapokat.<\/p>\n<h2 style=\"margin-top: 30px; margin-bottom: 30px;\">V\u00e1lassza ki az<br \/>\n\u00d6nnek megfelel\u0151 telket<\/h2>\n<p><a class=\"btn\" style=\"color: #a2c14d; margin-top: 0;\" href=\"https:\/\/www.lelpark.sk\/hu\/elado-telkek\/\">FOGLALJON MOST!<\/a><\/p>\n<p><\/div><br \/>\n<div class=\"col-md-6 text-center\"><br \/>\n<img loading=\"lazy\" decoding=\"async\" class=\"alignright size-full wp-image-32\" src=\"http:\/\/www.lelpark.sk\/wp-content\/uploads\/2018\/06\/6e1b8e692edf373e5c3c5a8280e85660.jpg\" alt=\"\" width=\"564\" height=\"713\" srcset=\"https:\/\/www.lelpark.sk\/wp-content\/uploads\/2018\/06\/6e1b8e692edf373e5c3c5a8280e85660.jpg 564w, https:\/\/www.lelpark.sk\/wp-content\/uploads\/2018\/06\/6e1b8e692edf373e5c3c5a8280e85660-237x300.jpg 237w, https:\/\/www.lelpark.sk\/wp-content\/uploads\/2018\/06\/6e1b8e692edf373e5c3c5a8280e85660-356x450.jpg 356w, https:\/\/www.lelpark.sk\/wp-content\/uploads\/2018\/06\/6e1b8e692edf373e5c3c5a8280e85660-518x655.jpg 518w\" sizes=\"auto, (max-width: 564px) 100vw, 564px\" \/><\/p>\n<p><\/div><br \/>\n<\/div><\/p>\n","protected":false},"excerpt":{"rendered":"","protected":false},"author":1,"featured_media":0,"parent":0,"menu_order":0,"comment_status":"closed","ping_status":"closed","template":"","meta":{"footnotes":""},"tags":[],"class_list":["post-86","page","type-page","status-publish","hentry"],"_links":{"self":[{"href":"https:\/\/www.lelpark.sk\/hu\/wp-json\/wp\/v2\/pages\/86","targetHints":{"allow":["GET"]}}],"collection":[{"href":"https:\/\/www.lelpark.sk\/hu\/wp-json\/wp\/v2\/pages"}],"about":[{"href":"https:\/\/www.lelpark.sk\/hu\/wp-json\/wp\/v2\/types\/page"}],"author":[{"embeddable":true,"href":"https:\/\/www.lelpark.sk\/hu\/wp-json\/wp\/v2\/users\/1"}],"replies":[{"embeddable":true,"href":"https:\/\/www.lelpark.sk\/hu\/wp-json\/wp\/v2\/comments?post=86"}],"version-history":[{"count":3,"href":"https:\/\/www.lelpark.sk\/hu\/wp-json\/wp\/v2\/pages\/86\/revisions"}],"predecessor-version":[{"id":264,"href":"https:\/\/www.lelpark.sk\/hu\/wp-json\/wp\/v2\/pages\/86\/revisions\/264"}],"wp:attachment":[{"href":"https:\/\/www.lelpark.sk\/hu\/wp-json\/wp\/v2\/media?parent=86"}],"wp:term":[{"taxonomy":"post_tag","embeddable":true,"href":"https:\/\/www.lelpark.sk\/hu\/wp-json\/wp\/v2\/tags?post=86"}],"curies":[{"name":"wp","href":"https:\/\/api.w.org\/{rel}","templated":true}]}}